{"id":120,"date":"2023-05-09T05:36:15","date_gmt":"2023-05-09T05:36:15","guid":{"rendered":"https:\/\/arrabidasubterranea.arrabida.org\/?page_id=120"},"modified":"2023-06-03T09:17:46","modified_gmt":"2023-06-03T09:17:46","slug":"homepage-2","status":"publish","type":"page","link":"https:\/\/arrabidasubterranea.arrabida.org\/en\/","title":{"rendered":"Home"},"content":{"rendered":"<div class=\"wp-block-cover aligncenter is-light mycoverimage\" style=\"min-height:550px;aspect-ratio:unset;\"><span aria-hidden=\"true\" class=\"wp-block-cover__background has-background-dim-20 has-background-dim\"><\/span><img loading=\"lazy\" decoding=\"async\" width=\"2560\" height=\"1438\" class=\"wp-block-cover__image-background wp-image-123\" alt=\"\" src=\"https:\/\/arrabidasubterranea.arrabida.org\/wp-content\/uploads\/2023\/05\/gargantadocabo-scaled.jpg\" data-object-fit=\"cover\" srcset=\"https:\/\/arrabidasubterranea.arrabida.org\/wp-content\/uploads\/2023\/05\/gargantadocabo-scaled.jpg 2560w, https:\/\/arrabidasubterranea.arrabida.org\/wp-content\/uploads\/2023\/05\/gargantadocabo-scaled-416x234.jpg 416w, https:\/\/arrabidasubterranea.arrabida.org\/wp-content\/uploads\/2023\/05\/gargantadocabo-300x169.jpg 300w, https:\/\/arrabidasubterranea.arrabida.org\/wp-content\/uploads\/2023\/05\/gargantadocabo-1024x575.jpg 1024w, https:\/\/arrabidasubterranea.arrabida.org\/wp-content\/uploads\/2023\/05\/gargantadocabo-768x431.jpg 768w, https:\/\/arrabidasubterranea.arrabida.org\/wp-content\/uploads\/2023\/05\/gargantadocabo-1536x863.jpg 1536w, https:\/\/arrabidasubterranea.arrabida.org\/wp-content\/uploads\/2023\/05\/gargantadocabo-2048x1150.jpg 2048w, https:\/\/arrabidasubterranea.arrabida.org\/wp-content\/uploads\/2023\/05\/gargantadocabo-18x10.jpg 18w\" sizes=\"auto, (max-width: 2560px) 100vw, 2560px\" \/><div class=\"wp-block-cover__inner-container is-layout-flow wp-block-cover-is-layout-flow\"><p class=\"has-text-align-center titlehomepage has-large-font-size\">Journey into the depths of time<\/p>\n\n<p class=\"has-text-align-center subtitlehomepage\">Hiking tours through Arr\u00e1bida's geo-history, inside and out<\/p>\n\n<div class=\"wp-block-buttons is-content-justification-center is-layout-flex wp-container-core-buttons-is-layout-16018d1d wp-block-buttons-is-layout-flex\"><div class=\"wp-block-button\"><a class=\"wp-block-button__link has-text-align-center wp-element-button\" href=\"https:\/\/arrabidasubterranea.arrabida.org\/en\/percursos\/\">Hiking Trails<\/a><\/div><\/div><\/div><\/div><span class=\"hpblock\"><h1>Book<\/h1><\/span><span class=\"bookimghp\"><figure class=\"wp-block-gallery aligncenter has-nested-images columns-default is-cropped wp-block-gallery-1 is-layout-flex wp-block-gallery-is-layout-flex\"><div class=\"wp-block-image\"><figure class=\"aligncenter size-full\"><img loading=\"lazy\" decoding=\"async\" width=\"600\" height=\"850\" data-id=\"578\" src=\"https:\/\/arrabidasubterranea.arrabida.org\/wp-content\/uploads\/2023\/05\/capa_site.jpg\" alt=\"\" class=\"wp-image-578\" srcset=\"https:\/\/arrabidasubterranea.arrabida.org\/wp-content\/uploads\/2023\/05\/capa_site.jpg 600w, https:\/\/arrabidasubterranea.arrabida.org\/wp-content\/uploads\/2023\/05\/capa_site-416x589.jpg 416w, https:\/\/arrabidasubterranea.arrabida.org\/wp-content\/uploads\/2023\/05\/capa_site-212x300.jpg 212w, https:\/\/arrabidasubterranea.arrabida.org\/wp-content\/uploads\/2023\/05\/capa_site-8x12.jpg 8w\" sizes=\"auto, (max-width: 600px) 100vw, 600px\" \/><\/figure><\/div><\/figure><div id=\"envira-gallery-wrap-753\" class=\"envira-gallery-wrap envira-gallery-theme-base envira-lightbox-theme-base\" itemscope itemtype=\"https:\/\/schema.org\/ImageGallery\"><div data-row-height=\"25\" data-gallery-theme=\"normal\" id=\"envira-gallery-753\" class=\"envira-gallery-public envira-gallery-justified-public envira-gallery-0-columns envira-clear enviratope envira-gallery-css-animations\" data-envira-columns=\"0\"><div id=\"envira-gallery-item-737\" class=\"envira-gallery-item enviratope-item envira-gallery-item-1 envira-lazy-load\" style=\"padding-left: 5px; padding-bottom: 10px; padding-right: 5px;\"  itemscope itemtype=\"https:\/\/schema.org\/ImageObject\"><div class=\"envira-gallery-item-inner\"><div class=\"envira-gallery-position-overlay  envira-gallery-top-left\"><\/div><div class=\"envira-gallery-position-overlay  envira-gallery-top-right\"><\/div><div class=\"envira-gallery-position-overlay  envira-gallery-bottom-left\"><\/div><div class=\"envira-gallery-position-overlay  envira-gallery-bottom-right\"><\/div><a href=\"https:\/\/arrabidasubterranea.arrabida.org\/wp-content\/uploads\/2023\/05\/bookpage_16-17.jpg\" class=\"envira-gallery-753 envira-gallery-link\" rel=\"enviragallery753\" title=\"bookpage_16-17\" data-envira-caption=\"bookpage_16-17\" data-envira-retina=\"\" data-thumbnail=\"\"  itemprop=\"contentUrl\"><img decoding=\"async\" id=\"envira-gallery-image-737\" class=\"envira-gallery-image envira-gallery-image-1 envira-normal envira-lazy\" data-envira-index=\"1\" src=\"https:\/\/arrabidasubterranea.arrabida.org\/wp-content\/uploads\/2023\/05\/bookpage_16-17-1024x724.jpg\" data-envira-src=\"https:\/\/arrabidasubterranea.arrabida.org\/wp-content\/uploads\/2023\/05\/bookpage_16-17-1024x724.jpg\" data-envira-gallery-id=\"753\" data-envira-item-id=\"737\" data-envira-caption=\"bookpage_16-17\" alt=\"\" title=\"bookpage_16-17\"  itemprop=\"thumbnailUrl\" data-envira-srcset=\"https:\/\/arrabidasubterranea.arrabida.org\/wp-content\/uploads\/2023\/05\/bookpage_16-17-1024x724.jpg 400w,https:\/\/arrabidasubterranea.arrabida.org\/wp-content\/uploads\/2023\/05\/bookpage_16-17-1024x724.jpg 2x\" data-envira-width=\"600\" data-envira-height=\"424\" srcset=\"data:image\/gif;base64,R0lGODlhAQABAIAAAP\/\/\/\/\/\/\/yH5BAEKAAEALAAAAAABAAEAAAICTAEAOw==\" data-safe-src=\"data:image\/gif;base64,R0lGODlhAQABAIAAAP\/\/\/\/\/\/\/yH5BAEKAAEALAAAAAABAAEAAAICTAEAOw==\" \/><\/a><\/div><\/div><div id=\"envira-gallery-item-736\" class=\"envira-gallery-item enviratope-item envira-gallery-item-2 envira-lazy-load\" style=\"padding-left: 5px; padding-bottom: 10px; padding-right: 5px;\"  itemscope itemtype=\"https:\/\/schema.org\/ImageObject\"><div class=\"envira-gallery-item-inner\"><div class=\"envira-gallery-position-overlay  envira-gallery-top-left\"><\/div><div class=\"envira-gallery-position-overlay  envira-gallery-top-right\"><\/div><div class=\"envira-gallery-position-overlay  envira-gallery-bottom-left\"><\/div><div class=\"envira-gallery-position-overlay  envira-gallery-bottom-right\"><\/div><a href=\"https:\/\/arrabidasubterranea.arrabida.org\/wp-content\/uploads\/2023\/05\/bookpage_18-19.jpg\" class=\"envira-gallery-753 envira-gallery-link\" rel=\"enviragallery753\" title=\"bookpage_18-19\" data-envira-caption=\"bookpage_18-19\" data-envira-retina=\"\" data-thumbnail=\"\"  itemprop=\"contentUrl\"><img decoding=\"async\" id=\"envira-gallery-image-736\" class=\"envira-gallery-image envira-gallery-image-2 envira-normal envira-lazy\" data-envira-index=\"2\" src=\"https:\/\/arrabidasubterranea.arrabida.org\/wp-content\/uploads\/2023\/05\/bookpage_18-19-1024x724.jpg\" data-envira-src=\"https:\/\/arrabidasubterranea.arrabida.org\/wp-content\/uploads\/2023\/05\/bookpage_18-19-1024x724.jpg\" data-envira-gallery-id=\"753\" data-envira-item-id=\"736\" data-envira-caption=\"bookpage_18-19\" alt=\"\" title=\"bookpage_18-19\"  itemprop=\"thumbnailUrl\" data-envira-srcset=\"https:\/\/arrabidasubterranea.arrabida.org\/wp-content\/uploads\/2023\/05\/bookpage_18-19-1024x724.jpg 400w,https:\/\/arrabidasubterranea.arrabida.org\/wp-content\/uploads\/2023\/05\/bookpage_18-19-1024x724.jpg 2x\" data-envira-width=\"600\" data-envira-height=\"424\" srcset=\"data:image\/gif;base64,R0lGODlhAQABAIAAAP\/\/\/\/\/\/\/yH5BAEKAAEALAAAAAABAAEAAAICTAEAOw==\" data-safe-src=\"data:image\/gif;base64,R0lGODlhAQABAIAAAP\/\/\/\/\/\/\/yH5BAEKAAEALAAAAAABAAEAAAICTAEAOw==\" \/><\/a><\/div><\/div><div id=\"envira-gallery-item-742\" class=\"envira-gallery-item enviratope-item envira-gallery-item-3 envira-lazy-load\" style=\"padding-left: 5px; padding-bottom: 10px; padding-right: 5px;\"  itemscope itemtype=\"https:\/\/schema.org\/ImageObject\"><div class=\"envira-gallery-item-inner\"><div class=\"envira-gallery-position-overlay  envira-gallery-top-left\"><\/div><div class=\"envira-gallery-position-overlay  envira-gallery-top-right\"><\/div><div class=\"envira-gallery-position-overlay  envira-gallery-bottom-left\"><\/div><div class=\"envira-gallery-position-overlay  envira-gallery-bottom-right\"><\/div><a href=\"https:\/\/arrabidasubterranea.arrabida.org\/wp-content\/uploads\/2023\/05\/bookpage_26-27.jpg\" class=\"envira-gallery-753 envira-gallery-link\" rel=\"enviragallery753\" title=\"bookpage_26-27\" data-envira-caption=\"bookpage_26-27\" data-envira-retina=\"\" data-thumbnail=\"\"  itemprop=\"contentUrl\"><img decoding=\"async\" id=\"envira-gallery-image-742\" class=\"envira-gallery-image envira-gallery-image-3 envira-normal envira-lazy\" data-envira-index=\"3\" src=\"https:\/\/arrabidasubterranea.arrabida.org\/wp-content\/uploads\/2023\/05\/bookpage_26-27-1024x724.jpg\" data-envira-src=\"https:\/\/arrabidasubterranea.arrabida.org\/wp-content\/uploads\/2023\/05\/bookpage_26-27-1024x724.jpg\" data-envira-gallery-id=\"753\" data-envira-item-id=\"742\" data-envira-caption=\"bookpage_26-27\" alt=\"\" title=\"bookpage_26-27\"  itemprop=\"thumbnailUrl\" data-envira-srcset=\"https:\/\/arrabidasubterranea.arrabida.org\/wp-content\/uploads\/2023\/05\/bookpage_26-27-1024x724.jpg 400w,https:\/\/arrabidasubterranea.arrabida.org\/wp-content\/uploads\/2023\/05\/bookpage_26-27-1024x724.jpg 2x\" data-envira-width=\"600\" data-envira-height=\"424\" srcset=\"data:image\/gif;base64,R0lGODlhAQABAIAAAP\/\/\/\/\/\/\/yH5BAEKAAEALAAAAAABAAEAAAICTAEAOw==\" data-safe-src=\"data:image\/gif;base64,R0lGODlhAQABAIAAAP\/\/\/\/\/\/\/yH5BAEKAAEALAAAAAABAAEAAAICTAEAOw==\" \/><\/a><\/div><\/div><div id=\"envira-gallery-item-740\" class=\"envira-gallery-item enviratope-item envira-gallery-item-4 envira-lazy-load\" style=\"padding-left: 5px; padding-bottom: 10px; padding-right: 5px;\"  itemscope itemtype=\"https:\/\/schema.org\/ImageObject\"><div class=\"envira-gallery-item-inner\"><div class=\"envira-gallery-position-overlay  envira-gallery-top-left\"><\/div><div class=\"envira-gallery-position-overlay  envira-gallery-top-right\"><\/div><div class=\"envira-gallery-position-overlay  envira-gallery-bottom-left\"><\/div><div class=\"envira-gallery-position-overlay  envira-gallery-bottom-right\"><\/div><a href=\"https:\/\/arrabidasubterranea.arrabida.org\/wp-content\/uploads\/2023\/05\/bookpage_28-29.jpg\" class=\"envira-gallery-753 envira-gallery-link\" rel=\"enviragallery753\" title=\"bookpage_28-29\" data-envira-caption=\"bookpage_28-29\" data-envira-retina=\"\" data-thumbnail=\"\"  itemprop=\"contentUrl\"><img decoding=\"async\" id=\"envira-gallery-image-740\" class=\"envira-gallery-image envira-gallery-image-4 envira-normal envira-lazy\" data-envira-index=\"4\" src=\"https:\/\/arrabidasubterranea.arrabida.org\/wp-content\/uploads\/2023\/05\/bookpage_28-29-1024x724.jpg\" data-envira-src=\"https:\/\/arrabidasubterranea.arrabida.org\/wp-content\/uploads\/2023\/05\/bookpage_28-29-1024x724.jpg\" data-envira-gallery-id=\"753\" data-envira-item-id=\"740\" data-envira-caption=\"bookpage_28-29\" alt=\"\" title=\"bookpage_28-29\"  itemprop=\"thumbnailUrl\" data-envira-srcset=\"https:\/\/arrabidasubterranea.arrabida.org\/wp-content\/uploads\/2023\/05\/bookpage_28-29-1024x724.jpg 400w,https:\/\/arrabidasubterranea.arrabida.org\/wp-content\/uploads\/2023\/05\/bookpage_28-29-1024x724.jpg 2x\" data-envira-width=\"600\" data-envira-height=\"424\" srcset=\"data:image\/gif;base64,R0lGODlhAQABAIAAAP\/\/\/\/\/\/\/yH5BAEKAAEALAAAAAABAAEAAAICTAEAOw==\" data-safe-src=\"data:image\/gif;base64,R0lGODlhAQABAIAAAP\/\/\/\/\/\/\/yH5BAEKAAEALAAAAAABAAEAAAICTAEAOw==\" \/><\/a><\/div><\/div><div id=\"envira-gallery-item-735\" class=\"envira-gallery-item enviratope-item envira-gallery-item-5 envira-lazy-load\" style=\"padding-left: 5px; padding-bottom: 10px; padding-right: 5px;\"  itemscope itemtype=\"https:\/\/schema.org\/ImageObject\"><div class=\"envira-gallery-item-inner\"><div class=\"envira-gallery-position-overlay  envira-gallery-top-left\"><\/div><div class=\"envira-gallery-position-overlay  envira-gallery-top-right\"><\/div><div class=\"envira-gallery-position-overlay  envira-gallery-bottom-left\"><\/div><div class=\"envira-gallery-position-overlay  envira-gallery-bottom-right\"><\/div><a href=\"https:\/\/arrabidasubterranea.arrabida.org\/wp-content\/uploads\/2023\/05\/bookpage_48-49.jpg\" class=\"envira-gallery-753 envira-gallery-link\" rel=\"enviragallery753\" title=\"bookpage_48-49\" data-envira-caption=\"bookpage_48-49\" data-envira-retina=\"\" data-thumbnail=\"\"  itemprop=\"contentUrl\"><img decoding=\"async\" id=\"envira-gallery-image-735\" class=\"envira-gallery-image envira-gallery-image-5 envira-normal envira-lazy\" data-envira-index=\"5\" src=\"https:\/\/arrabidasubterranea.arrabida.org\/wp-content\/uploads\/2023\/05\/bookpage_48-49-1024x724.jpg\" data-envira-src=\"https:\/\/arrabidasubterranea.arrabida.org\/wp-content\/uploads\/2023\/05\/bookpage_48-49-1024x724.jpg\" data-envira-gallery-id=\"753\" data-envira-item-id=\"735\" data-envira-caption=\"bookpage_48-49\" alt=\"\" title=\"bookpage_48-49\"  itemprop=\"thumbnailUrl\" data-envira-srcset=\"https:\/\/arrabidasubterranea.arrabida.org\/wp-content\/uploads\/2023\/05\/bookpage_48-49-1024x724.jpg 400w,https:\/\/arrabidasubterranea.arrabida.org\/wp-content\/uploads\/2023\/05\/bookpage_48-49-1024x724.jpg 2x\" data-envira-width=\"600\" data-envira-height=\"424\" srcset=\"data:image\/gif;base64,R0lGODlhAQABAIAAAP\/\/\/\/\/\/\/yH5BAEKAAEALAAAAAABAAEAAAICTAEAOw==\" data-safe-src=\"data:image\/gif;base64,R0lGODlhAQABAIAAAP\/\/\/\/\/\/\/yH5BAEKAAEALAAAAAABAAEAAAICTAEAOw==\" \/><\/a><\/div><\/div><div id=\"envira-gallery-item-741\" class=\"envira-gallery-item enviratope-item envira-gallery-item-6 envira-lazy-load\" style=\"padding-left: 5px; padding-bottom: 10px; padding-right: 5px;\"  itemscope itemtype=\"https:\/\/schema.org\/ImageObject\"><div class=\"envira-gallery-item-inner\"><div class=\"envira-gallery-position-overlay  envira-gallery-top-left\"><\/div><div class=\"envira-gallery-position-overlay  envira-gallery-top-right\"><\/div><div class=\"envira-gallery-position-overlay  envira-gallery-bottom-left\"><\/div><div class=\"envira-gallery-position-overlay  envira-gallery-bottom-right\"><\/div><a href=\"https:\/\/arrabidasubterranea.arrabida.org\/wp-content\/uploads\/2023\/05\/bookpage_50-51.jpg\" class=\"envira-gallery-753 envira-gallery-link\" rel=\"enviragallery753\" title=\"bookpage_50-51\" data-envira-caption=\"bookpage_50-51\" data-envira-retina=\"\" data-thumbnail=\"\"  itemprop=\"contentUrl\"><img decoding=\"async\" id=\"envira-gallery-image-741\" class=\"envira-gallery-image envira-gallery-image-6 envira-normal envira-lazy\" data-envira-index=\"6\" src=\"https:\/\/arrabidasubterranea.arrabida.org\/wp-content\/uploads\/2023\/05\/bookpage_50-51-1024x724.jpg\" data-envira-src=\"https:\/\/arrabidasubterranea.arrabida.org\/wp-content\/uploads\/2023\/05\/bookpage_50-51-1024x724.jpg\" data-envira-gallery-id=\"753\" data-envira-item-id=\"741\" data-envira-caption=\"bookpage_50-51\" alt=\"\" title=\"bookpage_50-51\"  itemprop=\"thumbnailUrl\" data-envira-srcset=\"https:\/\/arrabidasubterranea.arrabida.org\/wp-content\/uploads\/2023\/05\/bookpage_50-51-1024x724.jpg 400w,https:\/\/arrabidasubterranea.arrabida.org\/wp-content\/uploads\/2023\/05\/bookpage_50-51-1024x724.jpg 2x\" data-envira-width=\"600\" data-envira-height=\"424\" srcset=\"data:image\/gif;base64,R0lGODlhAQABAIAAAP\/\/\/\/\/\/\/yH5BAEKAAEALAAAAAABAAEAAAICTAEAOw==\" data-safe-src=\"data:image\/gif;base64,R0lGODlhAQABAIAAAP\/\/\/\/\/\/\/yH5BAEKAAEALAAAAAABAAEAAAICTAEAOw==\" \/><\/a><\/div><\/div><div id=\"envira-gallery-item-739\" class=\"envira-gallery-item enviratope-item envira-gallery-item-7 envira-lazy-load\" style=\"padding-left: 5px; padding-bottom: 10px; padding-right: 5px;\"  itemscope itemtype=\"https:\/\/schema.org\/ImageObject\"><div class=\"envira-gallery-item-inner\"><div class=\"envira-gallery-position-overlay  envira-gallery-top-left\"><\/div><div class=\"envira-gallery-position-overlay  envira-gallery-top-right\"><\/div><div class=\"envira-gallery-position-overlay  envira-gallery-bottom-left\"><\/div><div class=\"envira-gallery-position-overlay  envira-gallery-bottom-right\"><\/div><a href=\"https:\/\/arrabidasubterranea.arrabida.org\/wp-content\/uploads\/2023\/05\/bookpage_75-76.jpg\" class=\"envira-gallery-753 envira-gallery-link\" rel=\"enviragallery753\" title=\"bookpage_75-76\" data-envira-caption=\"bookpage_75-76\" data-envira-retina=\"\" data-thumbnail=\"\"  itemprop=\"contentUrl\"><img decoding=\"async\" id=\"envira-gallery-image-739\" class=\"envira-gallery-image envira-gallery-image-7 envira-normal envira-lazy\" data-envira-index=\"7\" src=\"https:\/\/arrabidasubterranea.arrabida.org\/wp-content\/uploads\/2023\/05\/bookpage_75-76-1024x724.jpg\" data-envira-src=\"https:\/\/arrabidasubterranea.arrabida.org\/wp-content\/uploads\/2023\/05\/bookpage_75-76-1024x724.jpg\" data-envira-gallery-id=\"753\" data-envira-item-id=\"739\" data-envira-caption=\"bookpage_75-76\" alt=\"\" title=\"bookpage_75-76\"  itemprop=\"thumbnailUrl\" data-envira-srcset=\"https:\/\/arrabidasubterranea.arrabida.org\/wp-content\/uploads\/2023\/05\/bookpage_75-76-1024x724.jpg 400w,https:\/\/arrabidasubterranea.arrabida.org\/wp-content\/uploads\/2023\/05\/bookpage_75-76-1024x724.jpg 2x\" data-envira-width=\"600\" data-envira-height=\"424\" srcset=\"data:image\/gif;base64,R0lGODlhAQABAIAAAP\/\/\/\/\/\/\/yH5BAEKAAEALAAAAAABAAEAAAICTAEAOw==\" data-safe-src=\"data:image\/gif;base64,R0lGODlhAQABAIAAAP\/\/\/\/\/\/\/yH5BAEKAAEALAAAAAABAAEAAAICTAEAOw==\" \/><\/a><\/div><\/div><div id=\"envira-gallery-item-738\" class=\"envira-gallery-item enviratope-item envira-gallery-item-8 envira-lazy-load\" style=\"padding-left: 5px; padding-bottom: 10px; padding-right: 5px;\"  itemscope itemtype=\"https:\/\/schema.org\/ImageObject\"><div class=\"envira-gallery-item-inner\"><div class=\"envira-gallery-position-overlay  envira-gallery-top-left\"><\/div><div class=\"envira-gallery-position-overlay  envira-gallery-top-right\"><\/div><div class=\"envira-gallery-position-overlay  envira-gallery-bottom-left\"><\/div><div class=\"envira-gallery-position-overlay  envira-gallery-bottom-right\"><\/div><a href=\"https:\/\/arrabidasubterranea.arrabida.org\/wp-content\/uploads\/2023\/05\/bookpage_77-78.jpg\" class=\"envira-gallery-753 envira-gallery-link\" rel=\"enviragallery753\" title=\"bookpage_77-78\" data-envira-caption=\"bookpage_77-78\" data-envira-retina=\"\" data-thumbnail=\"\"  itemprop=\"contentUrl\"><img decoding=\"async\" id=\"envira-gallery-image-738\" class=\"envira-gallery-image envira-gallery-image-8 envira-normal envira-lazy\" data-envira-index=\"8\" src=\"https:\/\/arrabidasubterranea.arrabida.org\/wp-content\/uploads\/2023\/05\/bookpage_77-78-1024x724.jpg\" data-envira-src=\"https:\/\/arrabidasubterranea.arrabida.org\/wp-content\/uploads\/2023\/05\/bookpage_77-78-1024x724.jpg\" data-envira-gallery-id=\"753\" data-envira-item-id=\"738\" data-envira-caption=\"bookpage_77-78\" alt=\"\" title=\"bookpage_77-78\"  itemprop=\"thumbnailUrl\" data-envira-srcset=\"https:\/\/arrabidasubterranea.arrabida.org\/wp-content\/uploads\/2023\/05\/bookpage_77-78-1024x724.jpg 400w,https:\/\/arrabidasubterranea.arrabida.org\/wp-content\/uploads\/2023\/05\/bookpage_77-78-1024x724.jpg 2x\" data-envira-width=\"600\" data-envira-height=\"424\" srcset=\"data:image\/gif;base64,R0lGODlhAQABAIAAAP\/\/\/\/\/\/\/yH5BAEKAAEALAAAAAABAAEAAAICTAEAOw==\" data-safe-src=\"data:image\/gif;base64,R0lGODlhAQABAIAAAP\/\/\/\/\/\/\/yH5BAEKAAEALAAAAAABAAEAAAICTAEAOw==\" \/><\/a><\/div><\/div><\/div><\/div><noscript><img decoding=\"async\" src=\"https:\/\/arrabidasubterranea.arrabida.org\/wp-content\/uploads\/2023\/05\/bookpage_16-17.jpg\" alt=\"\" \/><img decoding=\"async\" src=\"https:\/\/arrabidasubterranea.arrabida.org\/wp-content\/uploads\/2023\/05\/bookpage_18-19.jpg\" alt=\"\" \/><img decoding=\"async\" src=\"https:\/\/arrabidasubterranea.arrabida.org\/wp-content\/uploads\/2023\/05\/bookpage_26-27.jpg\" alt=\"\" \/><img decoding=\"async\" src=\"https:\/\/arrabidasubterranea.arrabida.org\/wp-content\/uploads\/2023\/05\/bookpage_28-29.jpg\" alt=\"\" \/><img decoding=\"async\" src=\"https:\/\/arrabidasubterranea.arrabida.org\/wp-content\/uploads\/2023\/05\/bookpage_48-49.jpg\" alt=\"\" \/><img decoding=\"async\" src=\"https:\/\/arrabidasubterranea.arrabida.org\/wp-content\/uploads\/2023\/05\/bookpage_50-51.jpg\" alt=\"\" \/><img decoding=\"async\" src=\"https:\/\/arrabidasubterranea.arrabida.org\/wp-content\/uploads\/2023\/05\/bookpage_75-76.jpg\" alt=\"\" \/><img decoding=\"async\" src=\"https:\/\/arrabidasubterranea.arrabida.org\/wp-content\/uploads\/2023\/05\/bookpage_77-78.jpg\" alt=\"\" \/><\/noscript><\/span><span id=\"hpblock\" class=\"hpblock\"><h2>Underground Arr\u00e1bida<\/h2><h3>Memory of the Depths of Times<\/h3><p class=\"has-text-align-center\">In this work we are guided on a fascinating journey through the geo-history of Arr\u00e1bida, through spaces inside the Earth that not even imagination could take us, through places where the history of humanity intersects with the history of the planet, through the memory of the depth of times . <\/p><br><\/span><div class=\"wp-block-buttons is-content-justification-center is-layout-flex wp-container-core-buttons-is-layout-16018d1d wp-block-buttons-is-layout-flex\"><div class=\"wp-block-button\"><a class=\"wp-block-button__link wp-element-button\" href=\"https:\/\/www.facebook.com\/marketplace\/item\/206853742181460\" target=\"_blank\" rel=\"noreferrer noopener\">buy<\/a><\/div><\/div>","protected":false},"excerpt":{"rendered":"<p>Livro Arr\u00e1bida Subterr\u00e2nea Mem\u00f3ria da Profundidade dos Tempos Nesta obra somos guiados por uma viagem fascinante pela geo-hist\u00f3ria da Arr\u00e1bida, por espa\u00e7os no interior da Terra que nem a imagina\u00e7\u00e3o nos poderia levar, por lugares onde a hist\u00f3ria da humanidade se cruza com a hist\u00f3ria do planeta, pela mem\u00f3ria da profundidade dos tempos.<\/p>","protected":false},"author":1,"featured_media":0,"parent":0,"menu_order":0,"comment_status":"closed","ping_status":"closed","template":"template-fullwidth.php","meta":{"om_disable_all_campaigns":false,"_mi_skip_tracking":false,"_monsterinsights_sitenote_active":false,"_monsterinsights_sitenote_note":"","_monsterinsights_sitenote_category":0,"footnotes":""},"class_list":["post-120","page","type-page","status-publish","hentry"],"aioseo_notices":[],"_links":{"self":[{"href":"https:\/\/arrabidasubterranea.arrabida.org\/en\/wp-json\/wp\/v2\/pages\/120","targetHints":{"allow":["GET"]}}],"collection":[{"href":"https:\/\/arrabidasubterranea.arrabida.org\/en\/wp-json\/wp\/v2\/pages"}],"about":[{"href":"https:\/\/arrabidasubterranea.arrabida.org\/en\/wp-json\/wp\/v2\/types\/page"}],"author":[{"embeddable":true,"href":"https:\/\/arrabidasubterranea.arrabida.org\/en\/wp-json\/wp\/v2\/users\/1"}],"replies":[{"embeddable":true,"href":"https:\/\/arrabidasubterranea.arrabida.org\/en\/wp-json\/wp\/v2\/comments?post=120"}],"version-history":[{"count":74,"href":"https:\/\/arrabidasubterranea.arrabida.org\/en\/wp-json\/wp\/v2\/pages\/120\/revisions"}],"predecessor-version":[{"id":2008,"href":"https:\/\/arrabidasubterranea.arrabida.org\/en\/wp-json\/wp\/v2\/pages\/120\/revisions\/2008"}],"wp:attachment":[{"href":"https:\/\/arrabidasubterranea.arrabida.org\/en\/wp-json\/wp\/v2\/media?parent=120"}],"curies":[{"name":"wp","href":"https:\/\/api.w.org\/{rel}","templated":true}]}}