{"id":1051,"date":"2023-05-20T15:37:35","date_gmt":"2023-05-20T15:37:35","guid":{"rendered":"https:\/\/arrabidasubterranea.arrabida.org\/?post_type=product&#038;p=1051"},"modified":"2026-03-31T15:10:15","modified_gmt":"2026-03-31T15:10:15","slug":"gruta-lapa-da-furada","status":"publish","type":"product","link":"https:\/\/arrabidasubterranea.arrabida.org\/en\/product\/gruta-lapa-da-furada\/","title":{"rendered":"Gruta Lapa da Furada"},"content":{"rendered":"<p>Gruta de acesso com recurso a t\u00e9cnicas de progress\u00e3o com cordas. A gruta da Furada \u00e9 uma cavidade onde se conjugaram v\u00e1rios elementos importantes para a sua paisagem subterr\u00e2nea atual. Registam-se c\u00e2maras de corros\u00e3o, galerias tect\u00f3nicas, recoberturas secund\u00e1rias que preenchem estes primeiros \u201cmomentos\u201d da sua espeleog\u00e9nese e do passado humano.<\/p>\n<p><strong>Tempo Estimado<\/strong>: +\/- das 09h30 \u00e1s 15h00<br \/>\n<strong>Marcha de Aproxima\u00e7\u00e3o<\/strong>: 0,3km<br \/>\n<strong>Grau de dificuldade<\/strong>: M\u00e9dio<br \/>\n<strong>M\u00e1ximo de pessoas<\/strong>: 10<br \/>\n<strong>Idade M\u00ednima Recomendada<\/strong>: 12 anos<br \/>\n<strong>Recomenda\u00e7\u00f5es Indispens\u00e1veis<\/strong>: Cal\u00e7ado com sola bem marcada \u2013 Roupa que cubra totalmente o corpo e que se possa sujar \u2013 0,5L \u00e1gua \u2013 Lanche.<br \/>\n<strong>Hora de Encontro<\/strong>: 9h30\u00a0\u00a0<strong>Ponto de Encontro<\/strong>: <a href=\"https:\/\/maps.app.goo.gl\/NG6WQkwqhJ8XjjQ16\">38\u00b025&#8217;48.1&#8243;N | 9\u00b010&#8217;44.1&#8243;W<\/a><br \/>\n<strong>Pre\u00e7o por pessoa<\/strong>: 30\u20ac<\/p>\n<p><strong>Nota importante<\/strong>:\u00a0Qualquer visita a grutas \u00e9 suscet\u00edvel\u00a0de sofrer atrasos.<\/p>","protected":false},"excerpt":{"rendered":"<p>Uma gruta de carso costeiro onde o reino mineral e vegetal se encontram num monumento natural de grande beleza. Registam-se c\u00e2maras de corros\u00e3o, galerias tect\u00f3nicas e v\u00e1rios tipos de recoberturas secund\u00e1rias.<\/p>","protected":false},"featured_media":1053,"comment_status":"open","ping_status":"closed","template":"","meta":{"om_disable_all_campaigns":false,"_mi_skip_tracking":false,"_monsterinsights_sitenote_active":false,"_monsterinsights_sitenote_note":"","_monsterinsights_sitenote_category":0},"product_cat":[37,53],"product_tag":[40],"class_list":{"0":"post-1051","1":"product","2":"type-product","3":"status-publish","4":"has-post-thumbnail","6":"product_cat-percursos","7":"product_cat-visita-a-gruta","8":"product_tag-endocarso-espeleogenese","10":"first","11":"instock","12":"virtual","13":"sold-individually","14":"purchasable","15":"product-type-booking"},"aioseo_notices":[],"_links":{"self":[{"href":"https:\/\/arrabidasubterranea.arrabida.org\/en\/wp-json\/wp\/v2\/product\/1051","targetHints":{"allow":["GET"]}}],"collection":[{"href":"https:\/\/arrabidasubterranea.arrabida.org\/en\/wp-json\/wp\/v2\/product"}],"about":[{"href":"https:\/\/arrabidasubterranea.arrabida.org\/en\/wp-json\/wp\/v2\/types\/product"}],"replies":[{"embeddable":true,"href":"https:\/\/arrabidasubterranea.arrabida.org\/en\/wp-json\/wp\/v2\/comments?post=1051"}],"wp:featuredmedia":[{"embeddable":true,"href":"https:\/\/arrabidasubterranea.arrabida.org\/en\/wp-json\/wp\/v2\/media\/1053"}],"wp:attachment":[{"href":"https:\/\/arrabidasubterranea.arrabida.org\/en\/wp-json\/wp\/v2\/media?parent=1051"}],"wp:term":[{"taxonomy":"product_cat","embeddable":true,"href":"https:\/\/arrabidasubterranea.arrabida.org\/en\/wp-json\/wp\/v2\/product_cat?post=1051"},{"taxonomy":"product_tag","embeddable":true,"href":"https:\/\/arrabidasubterranea.arrabida.org\/en\/wp-json\/wp\/v2\/product_tag?post=1051"}],"curies":[{"name":"wp","href":"https:\/\/api.w.org\/{rel}","templated":true}]}}