{"id":2391,"date":"2024-05-04T09:55:39","date_gmt":"2024-05-04T09:55:39","guid":{"rendered":"https:\/\/arrabidasubterranea.arrabida.org\/?post_type=product&#038;p=2391"},"modified":"2025-06-12T11:45:11","modified_gmt":"2025-06-12T11:45:11","slug":"a-descoberta-dos-fosseis-da-arrabida","status":"publish","type":"product","link":"https:\/\/arrabidasubterranea.arrabida.org\/en\/product\/a-descoberta-dos-fosseis-da-arrabida\/","title":{"rendered":"\u00c0 Descoberta dos F\u00f3sseis da Arr\u00e1bida"},"content":{"rendered":"<p>As grutas contam a hist\u00f3ria da nossa Terra e das suas transforma\u00e7\u00f5es, das origens da nossa esp\u00e9cie e da paisagem que \u00e9 hoje a Arr\u00e1bida. Museus vivos da profundidade dos tempos, as grutas guardam os tra\u00e7os das constantes muta\u00e7\u00f5es do planeta, do passado geol\u00f3gico, biol\u00f3gico e humano.<br \/>\nAs rochas sedimentares que envolvem as grutas da Arr\u00e1bida, principalmente das eras Jur\u00e1ssica e Cret\u00e1cica, s\u00e3o as que melhores nos podem contar a sua origem e a vida e as paisagens que existiam nessa altura.<br \/>\nNestes ateliers, o investigador de Ci\u00eancias da Terra Pedro Viegas leva-nos numa viagem ao passado da Serra da Arr\u00e1bida, aos seres que c\u00e1 habitavam e \u00e0s marcas que deixaram nas rochas.<\/p>\n<p><strong>Hor\u00e1rio<\/strong><\/p>\n<p><em>Manh\u00e3<\/em>:<br \/>\n10h &#8211; 12h30<br \/>\nAtelier Educativo no S\u00edtio do Cov\u00e3o \/ Alfarim<\/p>\n<p><em>Tarde<\/em>:<br \/>\n14h &#8211; 17h30<br \/>\nPercurso Pedestre aos afloramentos f\u00f3sseis de Aguncheiras \u2013 Areia de Mastro<br \/>\n<strong><br \/>\nPonto de Encontro<\/strong><br \/>\n<a href=\"https:\/\/maps.app.goo.gl\/w9Nm5xMARuobLg4F7\" target=\"_blank\" rel=\"noopener\">Fonte do Cov\u00e3o <\/a> &#8211; Alfarim<\/p>\n<p><strong>Pre\u00e7o<\/strong><br \/>\n30\u20ac p\/ pessoa<br \/>\n15\u20ac para crian\u00e7as menores de 12 anos<\/p>\n<p><strong>Actividades<\/strong><\/p>\n<p>Neste Atelier iremos descobrir os processos de preserva\u00e7\u00e3o de f\u00f3sseis das rochas sedimentares da Arr\u00e1bida. De manh\u00e3 os participantes ir\u00e3o recriar alguns dos processos sedimentares e de fossiliza\u00e7\u00e3o presentes na Arr\u00e1bida, e assim aprender novos conceitos cient\u00edficos sobre o mundo geol\u00f3gico e paleontol\u00f3gico da Arr\u00e1bida. \u00c0 tarde, durante o percurso pedestre os participantes ir\u00e3o ver e experienciar in-situ todos os conte\u00fados aprendidos no atelier da manh\u00e3 e visitar locais \u00fanicos da paleontologia nacional e mundial.<\/p>\n<p>Conte\u00fado educativo do atelier:<br \/>\n\u2022 o ciclo das rochas<br \/>\n\u2022 as rochas sedimentares<br \/>\n\u2022 o que \u00e9 a fossiliza\u00e7\u00e3o<br \/>\n\u2022 tipos de fossiliza\u00e7\u00e3o das rochas sedimentares da Arr\u00e1bida<br \/>\n\u2022 processos tafon\u00f3micos e paleoecologia<br \/>\n\u2022 as rochas e os f\u00f3sseis da Arr\u00e1bida<br \/>\n\u2022 a Arr\u00e1bida actual e os meio-ambientes do seu passado<br \/>\n\u2022 a import\u00e2ncia da Arr\u00e1bida para o conhecimento cient\u00edfico mundial<br \/>\n\u2022 o estudo das grutas na descoberta do passado<br \/>\n\u2022 a espeleologia como amalgamento de conhecimentos<\/p>","protected":false},"excerpt":{"rendered":"<p>Atelier de Paleontologia com o Investigador de Ci\u00eancias da Terra Pedro Viegas.<\/p>","protected":false},"featured_media":2392,"comment_status":"open","ping_status":"closed","template":"","meta":{"om_disable_all_campaigns":false,"_mi_skip_tracking":false,"_monsterinsights_sitenote_active":false,"_monsterinsights_sitenote_note":"","_monsterinsights_sitenote_category":0},"product_cat":[48],"product_tag":[49],"class_list":{"0":"post-2391","1":"product","2":"type-product","3":"status-publish","4":"has-post-thumbnail","6":"product_cat-ateliers","7":"product_tag-calendar","9":"first","10":"instock","11":"virtual","12":"sold-individually","13":"purchasable","14":"product-type-booking"},"aioseo_notices":[],"_links":{"self":[{"href":"https:\/\/arrabidasubterranea.arrabida.org\/en\/wp-json\/wp\/v2\/product\/2391","targetHints":{"allow":["GET"]}}],"collection":[{"href":"https:\/\/arrabidasubterranea.arrabida.org\/en\/wp-json\/wp\/v2\/product"}],"about":[{"href":"https:\/\/arrabidasubterranea.arrabida.org\/en\/wp-json\/wp\/v2\/types\/product"}],"replies":[{"embeddable":true,"href":"https:\/\/arrabidasubterranea.arrabida.org\/en\/wp-json\/wp\/v2\/comments?post=2391"}],"wp:featuredmedia":[{"embeddable":true,"href":"https:\/\/arrabidasubterranea.arrabida.org\/en\/wp-json\/wp\/v2\/media\/2392"}],"wp:attachment":[{"href":"https:\/\/arrabidasubterranea.arrabida.org\/en\/wp-json\/wp\/v2\/media?parent=2391"}],"wp:term":[{"taxonomy":"product_cat","embeddable":true,"href":"https:\/\/arrabidasubterranea.arrabida.org\/en\/wp-json\/wp\/v2\/product_cat?post=2391"},{"taxonomy":"product_tag","embeddable":true,"href":"https:\/\/arrabidasubterranea.arrabida.org\/en\/wp-json\/wp\/v2\/product_tag?post=2391"}],"curies":[{"name":"wp","href":"https:\/\/api.w.org\/{rel}","templated":true}]}}